{"id":550,"date":"2023-11-09T12:30:11","date_gmt":"2023-11-09T12:30:11","guid":{"rendered":"https:\/\/rufus.cat\/quien-somos\/"},"modified":"2024-06-26T11:35:53","modified_gmt":"2024-06-26T11:35:53","slug":"equipo-rufus-diseno","status":"publish","type":"page","link":"https:\/\/rufus.cat\/es\/equipo-rufus-diseno\/","title":{"rendered":"Quien somos"},"content":{"rendered":"<p>[et_pb_section fb_built=\u00bb1&#8243; _builder_version=\u00bb4.23&#8243; _module_preset=\u00bbdefault\u00bb global_colors_info=\u00bb{}\u00bb][et_pb_row _builder_version=\u00bb4.23&#8243; _module_preset=\u00bbdefault\u00bb global_colors_info=\u00bb{}\u00bb][et_pb_column type=\u00bb4_4&#8243; _builder_version=\u00bb4.23&#8243; _module_preset=\u00bbdefault\u00bb global_colors_info=\u00bb{}\u00bb][et_pb_text _builder_version=\u00bb4.23&#8243; _module_preset=\u00bbdefault\u00bb global_colors_info=\u00bb{}\u00bb]<\/p>\n<h1>Que \/ Quien<\/h1>\n<p>[\/et_pb_text][\/et_pb_column][\/et_pb_row][\/et_pb_section][et_pb_section fb_built=\u00bb1&#8243; _builder_version=\u00bb4.23&#8243; _module_preset=\u00bbdefault\u00bb background_color=\u00bb#001DFF\u00bb background_image=\u00bbhttps:\/\/rufus.cat\/wp-content\/uploads\/2023\/11\/rufus-disseny-multidisiplinar-equip-de-demomentsomtres.jpg\u00bb parallax=\u00bbon\u00bb parallax_method=\u00bboff\u00bb custom_margin=\u00bb||||false|false\u00bb custom_padding=\u00bb25vh||||false|false\u00bb global_colors_info=\u00bb{}\u00bb][et_pb_row column_structure=\u00bb2_3,1_3&#8243; _builder_version=\u00bb4.23&#8243; _module_preset=\u00bbdefault\u00bb global_colors_info=\u00bb{}\u00bb][et_pb_column type=\u00bb2_3&#8243; _builder_version=\u00bb4.23&#8243; _module_preset=\u00bbdefault\u00bb global_colors_info=\u00bb{}\u00bb][et_pb_text _builder_version=\u00bb4.23&#8243; _module_preset=\u00bbdefault\u00bb background_layout=\u00bbdark\u00bb global_colors_info=\u00bb{}\u00bb]<\/p>\n<h2>Somos un estudio de dise\u00f1o<br \/>multidisciplinar en medio del Pened\u00e9s. Nuestro trabajo lo explicamos de una manera sencilla: solucionar los problemas de comunicaci\u00f3n de nuestros clientes. <\/h2>\n<p>[\/et_pb_text][\/et_pb_column][et_pb_column type=\u00bb1_3&#8243; _builder_version=\u00bb4.23&#8243; _module_preset=\u00bbdefault\u00bb global_colors_info=\u00bb{}\u00bb][\/et_pb_column][\/et_pb_row][\/et_pb_section][et_pb_section fb_built=\u00bb1&#8243; _builder_version=\u00bb4.23&#8243; _module_preset=\u00bbdefault\u00bb global_colors_info=\u00bb{}\u00bb][et_pb_row column_structure=\u00bb1_2,1_2&#8243; _builder_version=\u00bb4.23&#8243; _module_preset=\u00bbdefault\u00bb global_colors_info=\u00bb{}\u00bb][et_pb_column type=\u00bb1_2&#8243; _builder_version=\u00bb4.23&#8243; _module_preset=\u00bbdefault\u00bb global_colors_info=\u00bb{}\u00bb][et_pb_text _builder_version=\u00bb4.23&#8243; _module_preset=\u00bbdefault\u00bb header_3_font_size=\u00bb21px\u00bb hover_enabled=\u00bb0&#8243; global_colors_info=\u00bb{}\u00bb sticky_enabled=\u00bb0&#8243;]<\/p>\n<h3><strong>Ra\u00fcl Gonz\u00e1lez<\/strong><\/h3>\n<p>Dise\u00f1ador Gr\u00e1fico con estudios en la escuela IDEP (promoci\u00f3n 96\u201300). Colegiado n\u00fam. 232 del Colegio Oficial de Dise\u00f1o Gr\u00e1fico de Catalu\u00f1a, y vocal de la Junta de Gobierno durante el per\u00edodo 2010-2011.  <\/p>\n<p>[\/et_pb_text][\/et_pb_column][et_pb_column type=\u00bb1_2&#8243; _builder_version=\u00bb4.23&#8243; _module_preset=\u00bbdefault\u00bb global_colors_info=\u00bb{}\u00bb][et_pb_text _builder_version=\u00bb4.23&#8243; _module_preset=\u00bbdefault\u00bb text_font_size=\u00bb16px\u00bb text_line_height=\u00bb1.4em\u00bb header_3_font_size=\u00bb21px\u00bb header_4_font=\u00bb|700|||||||\u00bb header_4_font_size=\u00bb16px\u00bb hover_enabled=\u00bb0&#8243; global_colors_info=\u00bb{}\u00bb sticky_enabled=\u00bb0&#8243;]<\/p>\n<h4>Trayectoria profesional<\/h4>\n<p>HetCetT, Vasava, IDEP, Estudio Figuerola, Bildi. En el a\u00f1o 2007 funda junto con Alberto Lopez, el estudio LaNegreta, y en el a\u00f1o 2012 crea el estudio multidisciplinar Rufus con na S\u00f2nia Puig. <\/p>\n<h4>Trayectoria docente<\/h4>\n<p>Docencia vinculada al grafismo a las escuelas IDEP, Labasad, UIC y LCI.<\/p>\n<p>[\/et_pb_text][\/et_pb_column][\/et_pb_row][\/et_pb_section]<\/p>\n","protected":false},"excerpt":{"rendered":"<p>Que \/ QuienSomos un estudio de dise\u00f1omultidisciplinar en medio del Pened\u00e9s. Nuestro trabajo lo explicamos de una manera sencilla: solucionar los problemas de comunicaci\u00f3n de nuestros clientes. Ra\u00fcl Gonz\u00e1lez Dise\u00f1ador Gr\u00e1fico con estudios en la escuela IDEP (promoci\u00f3n 96\u201300). Colegiado n\u00fam. 232 del Colegio Oficial de Dise\u00f1o Gr\u00e1fico de Catalu\u00f1a, y vocal de la Junta [&hellip;]<\/p>\n","protected":false},"author":1,"featured_media":0,"parent":0,"menu_order":0,"comment_status":"closed","ping_status":"closed","template":"","meta":{"_et_pb_use_builder":"on","_et_pb_old_content":"","_et_gb_content_width":"","footnotes":""},"dipi_cpt_category":[],"class_list":["post-550","page","type-page","status-publish","hentry"],"_links":{"self":[{"href":"https:\/\/rufus.cat\/es\/wp-json\/wp\/v2\/pages\/550","targetHints":{"allow":["GET"]}}],"collection":[{"href":"https:\/\/rufus.cat\/es\/wp-json\/wp\/v2\/pages"}],"about":[{"href":"https:\/\/rufus.cat\/es\/wp-json\/wp\/v2\/types\/page"}],"author":[{"embeddable":true,"href":"https:\/\/rufus.cat\/es\/wp-json\/wp\/v2\/users\/1"}],"replies":[{"embeddable":true,"href":"https:\/\/rufus.cat\/es\/wp-json\/wp\/v2\/comments?post=550"}],"version-history":[{"count":6,"href":"https:\/\/rufus.cat\/es\/wp-json\/wp\/v2\/pages\/550\/revisions"}],"predecessor-version":[{"id":639,"href":"https:\/\/rufus.cat\/es\/wp-json\/wp\/v2\/pages\/550\/revisions\/639"}],"wp:attachment":[{"href":"https:\/\/rufus.cat\/es\/wp-json\/wp\/v2\/media?parent=550"}],"wp:term":[{"taxonomy":"dipi_cpt_category","embeddable":true,"href":"https:\/\/rufus.cat\/es\/wp-json\/wp\/v2\/dipi_cpt_category?post=550"}],"curies":[{"name":"wp","href":"https:\/\/api.w.org\/{rel}","templated":true}]}}