{"id":553,"date":"2023-10-30T11:02:54","date_gmt":"2023-10-30T11:02:54","guid":{"rendered":"https:\/\/rufus.cat\/rufus-estudio-de-diseno-multidisciplinar\/"},"modified":"2024-06-27T06:32:35","modified_gmt":"2024-06-27T06:32:35","slug":"rufus-estudio-de-diseno-multidisciplinar","status":"publish","type":"page","link":"https:\/\/rufus.cat\/es\/","title":{"rendered":"Rufus, estudio de dise\u00f1o multidisciplinar"},"content":{"rendered":"<p>[et_pb_section fb_built=\u00bb1&#8243; theme_builder_area=\u00bbpost_content\u00bb _builder_version=\u00bb4.25.2&#8243; _module_preset=\u00bbdefault\u00bb module_class=\u00bbscreen-reader-text\u00bb hover_enabled=\u00bb0&#8243; sticky_enabled=\u00bb0&#8243;][et_pb_row _builder_version=\u00bb4.25.2&#8243; _module_preset=\u00bbdefault\u00bb theme_builder_area=\u00bbpost_content\u00bb][et_pb_column _builder_version=\u00bb4.25.2&#8243; _module_preset=\u00bbdefault\u00bb type=\u00bb4_4&#8243; theme_builder_area=\u00bbpost_content\u00bb][et_pb_text _builder_version=\u00bb4.25.2&#8243; _module_preset=\u00bbdefault\u00bb theme_builder_area=\u00bbpost_content\u00bb hover_enabled=\u00bb0&#8243; sticky_enabled=\u00bb0&#8243;]<\/p>\n<p>Rufus, estudio de dise\u00f1o multidisciplinar<\/p>\n<p>[\/et_pb_text][\/et_pb_column][\/et_pb_row][\/et_pb_section][et_pb_section fb_built=\u00bb1&#8243; _builder_version=\u00bb4.23&#8243; _module_preset=\u00bbdefault\u00bb custom_padding=\u00bb0px||0px||false|false\u00bb global_colors_info=\u00bb{}\u00bb][et_pb_row column_structure=\u00bb1_2,1_2&#8243; _builder_version=\u00bb4.23&#8243; _module_preset=\u00bbc186b768-d24d-4c50-8d26-5baebfd58c83&#8243; height_phone=\u00bbauto\u00bb global_colors_info=\u00bb{}\u00bb][et_pb_column type=\u00bb1_2&#8243; _builder_version=\u00bb4.23&#8243; _module_preset=\u00bbdefault\u00bb background_video_mp4=\u00bbhttps:\/\/rufus.cat\/wp-content\/uploads\/2023\/10\/rufus-disseny-packaging-branding-remeier.mp4&#8243; global_colors_info=\u00bb{}\u00bb][et_pb_image src=\u00bbhttps:\/\/rufus.cat\/wp-content\/uploads\/2023\/10\/rufus-disseny-mes-info.svg\u00bb alt=\u00bbM\u00e1s informaci\u00f3n sobre Rufus Dise\u00f1os\u00bb title_text=\u00bbM\u00e1s informaci\u00f3n sobre Rufus Dise\u00f1os\u00bb module_class=\u00bbicona-mes-info\u00bb _builder_version=\u00bb4.23&#8243; _module_preset=\u00bbdefault\u00bb positioning=\u00bbabsolute\u00bb position_origin_a=\u00bbcenter_right\u00bb width=\u00bb122px\u00bb width_tablet=\u00bb122px\u00bb width_phone=\u00bb77px\u00bb width_last_edited=\u00bbon|phone\u00bb custom_margin=\u00bb||||false|false\u00bb custom_padding=\u00bb30px|60px|30px|30px|false|false\u00bb custom_padding_tablet=\u00bb|15px|||false|false\u00bb custom_padding_phone=\u00bb|15px|||false|false\u00bb custom_padding_last_edited=\u00bbon|tablet\u00bb global_colors_info=\u00bb{}\u00bb width__hover_enabled=\u00bboff|desktop\u00bb][\/et_pb_image][\/et_pb_column][et_pb_column type=\u00bb1_2&#8243; _builder_version=\u00bb4.23&#8243; _module_preset=\u00bbdefault\u00bb background_color=\u00bb#001DFF\u00bb custom_padding=\u00bb||||false|false\u00bb global_colors_info=\u00bb{}\u00bb][et_pb_text _builder_version=\u00bb4.23&#8243; _module_preset=\u00bbdefault\u00bb background_layout=\u00bbdark\u00bb custom_margin=\u00bb||120px||false|false\u00bb global_colors_info=\u00bb{}\u00bb]<strong>REMEIER<\/strong><\/p>\n<p>Redise\u00f1o integral de la Gamma de licors Remeier[\/et_pb_text][et_pb_text _builder_version=\u00bb4.23&#8243; _module_preset=\u00bbdefault\u00bb background_layout=\u00bbdark\u00bb custom_padding=\u00bb||60px||false|false\u00bb global_colors_info=\u00bb{}\u00bb]<\/p>\n<p>Cliente:<br \/>Maieutik\u00e9 Winery<\/p>\n<p>[\/et_pb_text][\/et_pb_column][\/et_pb_row][\/et_pb_section][et_pb_section fb_built=\u00bb1&#8243; _builder_version=\u00bb4.23&#8243; _module_preset=\u00bbdefault\u00bb background_image=\u00bbhttps:\/\/rufus.cat\/wp-content\/uploads\/2023\/11\/rufus-disseny-multidisiplinar-equip-de-demomentsomtres.jpg\u00bb parallax=\u00bbon\u00bb parallax_method=\u00bboff\u00bb global_colors_info=\u00bb{}\u00bb][et_pb_row _builder_version=\u00bb4.23&#8243; _module_preset=\u00bbdefault\u00bb custom_margin=\u00bb||30vh||false|false\u00bb global_colors_info=\u00bb{}\u00bb][et_pb_column type=\u00bb4_4&#8243; _builder_version=\u00bb4.23&#8243; _module_preset=\u00bbdefault\u00bb global_colors_info=\u00bb{}\u00bb][et_pb_text _builder_version=\u00bb4.23&#8243; _module_preset=\u00bbdefault\u00bb background_layout=\u00bbdark\u00bb global_colors_info=\u00bb{}\u00bb]<\/p>\n<h2>Proyectos por categor\u00eda<\/h2>\n<p>[\/et_pb_text][\/et_pb_column][\/et_pb_row][et_pb_row _builder_version=\u00bb4.23&#8243; _module_preset=\u00bbdefault\u00bb global_colors_info=\u00bb{}\u00bb][et_pb_column type=\u00bb4_4&#8243; _builder_version=\u00bb4.23&#8243; _module_preset=\u00bbdefault\u00bb global_colors_info=\u00bb{}\u00bb][et_pb_text disabled_on=\u00bboff|off|off\u00bb _builder_version=\u00bb4.23&#8243; _module_preset=\u00bbdefault\u00bb background_layout=\u00bbdark\u00bb global_colors_info=\u00bb{}\u00bb]<\/p>\n<h3>Pr\u00f3ximamente&#8230;<\/h3>\n<p>[\/et_pb_text][et_pb_text disabled_on=\u00bbon|on|on\u00bb _builder_version=\u00bb4.23&#8243; _module_preset=\u00bbdefault\u00bb background_layout=\u00bbdark\u00bb disabled=\u00bbon\u00bb global_colors_info=\u00bb{}\u00bb]<\/p>\n<p><span>No project categories found.<\/span><\/p>\n<p>[\/et_pb_text][\/et_pb_column][\/et_pb_row][\/et_pb_section][et_pb_section fb_built=\u00bb1&#8243; fullwidth=\u00bbon\u00bb module_id=\u00bbmapa\u00bb _builder_version=\u00bb4.23&#8243; _module_preset=\u00bbdefault\u00bb background_color=\u00bb#001DFF\u00bb border_width_bottom=\u00bb2px\u00bb border_color_bottom=\u00bb#001DFF\u00bb global_module=\u00bb113&#8243; saved_tabs=\u00bball\u00bb global_colors_info=\u00bb{}\u00bb][et_pb_fullwidth_image src=\u00bbhttps:\/\/rufus.cat\/wp-content\/uploads\/2023\/10\/mapa-rufus-disseny-e1698671837856.jpg\u00bb alt=\u00bbD\u00f3nde encontrar Rufus Disseny\u00bb title_text=\u00bbD\u00f3nde encontrar Rufus Disseny\u00bb _builder_version=\u00bb4.23&#8243; _module_preset=\u00bbdefault\u00bb background_color=\u00bb#001DFF\u00bb mix_blend_mode=\u00bbluminosity\u00bb global_colors_info=\u00bb{}\u00bb][\/et_pb_fullwidth_image][\/et_pb_section][et_pb_section fb_built=\u00bb1&#8243; _builder_version=\u00bb4.23&#8243; _module_preset=\u00bbdefault\u00bb global_colors_info=\u00bb{}\u00bb][et_pb_row column_structure=\u00bb1_2,1_2&#8243; _builder_version=\u00bb4.23&#8243; _module_preset=\u00bbdefault\u00bb global_colors_info=\u00bb{}\u00bb][et_pb_column type=\u00bb1_2&#8243; _builder_version=\u00bb4.23&#8243; _module_preset=\u00bbdefault\u00bb global_colors_info=\u00bb{}\u00bb][et_pb_text _builder_version=\u00bb4.23&#8243; _module_preset=\u00bbdefault\u00bb global_colors_info=\u00bb{}\u00bb]<strong>DESPACHO<\/strong><br \/>\nPassatge Noucentisme 34\u201336, local 3 08720 Vilafranca del Pened\u00e8s Francesc Maci\u00e0 6 08798 Sant Cugat Sesgarrigues[\/et_pb_text][\/et_pb_column][et_pb_column type=\u00bb1_2&#8243; _builder_version=\u00bb4.23&#8243; _module_preset=\u00bbdefault\u00bb global_colors_info=\u00bb{}\u00bb][et_pb_text _builder_version=\u00bb4.23&#8243; _module_preset=\u00bbdefault\u00bb global_colors_info=\u00bb{}\u00bb]<\/p>\n<p><strong>CONTACTO<\/strong><br \/>+34 687 521 121<br \/><a href=\"mailto:info@rufus.cat\">info@rufus.cat<\/a><br \/>IG @rufusdisseny<\/p>\n<p>[\/et_pb_text][\/et_pb_column][\/et_pb_row][\/et_pb_section]<\/p>\n","protected":false},"excerpt":{"rendered":"<p>Rufus, estudio de dise\u00f1o multidisciplinarREMEIER Redise\u00f1o integral de la Gamma de licors RemeierCliente:Maieutik\u00e9 WineryProyectos por categor\u00edaPr\u00f3ximamente&#8230;No project categories found.DESPACHO Passatge Noucentisme 34\u201336, local 3 08720 Vilafranca del Pened\u00e8s Francesc Maci\u00e0 6 08798 Sant Cugat SesgarriguesCONTACTO+34 687 521 121info@rufus.catIG @rufusdisseny<\/p>\n","protected":false},"author":1,"featured_media":0,"parent":0,"menu_order":0,"comment_status":"closed","ping_status":"closed","template":"","meta":{"_et_pb_use_builder":"on","_et_pb_old_content":"","_et_gb_content_width":"","footnotes":""},"dipi_cpt_category":[],"class_list":["post-553","page","type-page","status-publish","hentry"],"_links":{"self":[{"href":"https:\/\/rufus.cat\/es\/wp-json\/wp\/v2\/pages\/553","targetHints":{"allow":["GET"]}}],"collection":[{"href":"https:\/\/rufus.cat\/es\/wp-json\/wp\/v2\/pages"}],"about":[{"href":"https:\/\/rufus.cat\/es\/wp-json\/wp\/v2\/types\/page"}],"author":[{"embeddable":true,"href":"https:\/\/rufus.cat\/es\/wp-json\/wp\/v2\/users\/1"}],"replies":[{"embeddable":true,"href":"https:\/\/rufus.cat\/es\/wp-json\/wp\/v2\/comments?post=553"}],"version-history":[{"count":9,"href":"https:\/\/rufus.cat\/es\/wp-json\/wp\/v2\/pages\/553\/revisions"}],"predecessor-version":[{"id":650,"href":"https:\/\/rufus.cat\/es\/wp-json\/wp\/v2\/pages\/553\/revisions\/650"}],"wp:attachment":[{"href":"https:\/\/rufus.cat\/es\/wp-json\/wp\/v2\/media?parent=553"}],"wp:term":[{"taxonomy":"dipi_cpt_category","embeddable":true,"href":"https:\/\/rufus.cat\/es\/wp-json\/wp\/v2\/dipi_cpt_category?post=553"}],"curies":[{"name":"wp","href":"https:\/\/api.w.org\/{rel}","templated":true}]}}