{"id":607,"date":"2024-06-21T09:15:44","date_gmt":"2024-06-21T09:15:44","guid":{"rendered":"https:\/\/rufus.cat\/politica-de-cookies\/"},"modified":"2024-06-26T09:23:38","modified_gmt":"2024-06-26T09:23:38","slug":"politica-de-cookies","status":"publish","type":"page","link":"https:\/\/rufus.cat\/es\/politica-de-cookies\/","title":{"rendered":"Pol\u00edtica de cookies"},"content":{"rendered":"<p>[et_pb_section fb_built=\u00bb1&#8243; _builder_version=\u00bb4.16&#8243; global_colors_info=\u00bb{}\u00bb][et_pb_row _builder_version=\u00bb4.23&#8243; background_size=\u00bbinitial\u00bb background_position=\u00bbtop_left\u00bb background_repeat=\u00bbrepeat\u00bb global_colors_info=\u00bb{}\u00bb][et_pb_column type=\u00bb4_4&#8243; _builder_version=\u00bb4.16&#8243; custom_padding=\u00bb|||\u00bb global_colors_info=\u00bb{}\u00bb custom_padding__hover=\u00bb|||\u00bb][et_pb_text _builder_version=\u00bb4.25.2&#8243; link_font=\u00bb||||on||||\u00bb background_size=\u00bbinitial\u00bb background_position=\u00bbtop_left\u00bb background_repeat=\u00bbrepeat\u00bb hover_enabled=\u00bb0&#8243; global_colors_info=\u00bb{}\u00bb sticky_enabled=\u00bb0&#8243;]<\/p>\n<div class=\"cli_pg_page_contaner\">\n<h1>Sobre esta pol\u00edtica de cookies<\/h1>\n<div>\n<p>Esta pol\u00edtica de cookies explica que son las cookies y como las utilizamos. Deber\u00edas de leer esta pol\u00edtica para entender que son las cookies, como las utilizamos, los tipos de cookies que utilizamos, es decir, la informaci\u00f3n que recogemos utilizando cookies y c\u00f3mo se utiliza esta informaci\u00f3n y c\u00f3mo controlar las preferencias de cookies. Para obtener m\u00e1s informaci\u00f3n sobre c\u00f3mo utilizamos, almacenamos y mantenemos seguras tus datos personales, consulta nuestra <a href=\"https:\/\/rufus.cat\/politica-privacitat\/\">Pol\u00edtica de Privacidad<\/a>.<\/p>\n<p>Puedes cambiar o retirar tu consentimiento en cualquier momento desde la Declaraci\u00f3n de Cookies en nuestro sitio web.<br \/>\nAprende m\u00e1s sobre qui\u00e9nes somos, c\u00f3mo nos puedes contactar y c\u00f3mo procesamos los datos personales en nuestra <a href=\"https:\/\/rufus.cat\/politica-privacitat\/\">Pol\u00edtica de Privacidad<\/a>.<br \/>\nTu consentimiento se aplica a los siguientes dominios: <a href=\"\/\">rufus.cat\/es\/<\/a><br \/>\n[user_consent_state]<\/p>\n<\/div>\n<h2>\u00bfQu\u00e9 son las cookies?<\/h2>\n<div>Las cookies son peque\u00f1os archivos de texto que se utilizan para almacenar peque\u00f1as piezas de informaci\u00f3n. Las cookies se almacenan en tu dispositivo cuando el sitio web se carga en tu navegador. Estas cookies nos ayudan a hacer que el sitio web funcione correctamente, que sea m\u00e1s seguro, proporcionar una mejor experiencia de usuario y entender c\u00f3mo funciona el sitio web y analizar qu\u00e9 funciona y d\u00f3nde necesita mejoras.<\/div>\n<h2>\u00bfC\u00f3mo utilizamos las cookies?<\/h2>\n<div>\n<p>Como la mayor\u00eda de los servicios en l\u00ednea, nuestro sitio web utiliza cookies propias y de terceros para una serie de finalidades. Las cookies propias son principalmente necesarias para que el sitio web funcione correctamente, y no recopilan ninguna de tus datos personales identificables.<\/p>\n<p>Las cookies de terceros utilizadas en nuestros sitios web se utilizan principalmente para entender c\u00f3mo funciona el sitio web, c\u00f3mo interact\u00faas con nuestro sitio web y mantener nuestros servicios seguros. Tambi\u00e9n sirven para proporcionar anuncios que sean relevantes para ti y, en definitiva, ofrecerte una mejor y mejorada experiencia de usuario y ayudar a acelerar tus futuras interacciones con nuestro sitio web.<\/p>\n<\/div>\n<h2>\u00bfQu\u00e9 tipos de cookies utilizamos?<\/h2>\n<div>Las cookies utilizadas en nuestro sitio web se clasifican en las siguientes categor\u00edas.<br \/>\n[cookie_category]<br \/>\nA continuaci\u00f3n se detallan las cookies utilizadas en nuestro sitio web.<br \/>\n[cookie_audit_category columns=\u00bbcookie,description\u00bb]<\/div>\n<h2>\u00bfC\u00f3mo puedo controlar las preferencias de cookies?<\/h2>\n<div>\n<p>Puedes gestionar tus preferencias de cookies haciendo clic en el bot\u00f3n \u201cConfiguraci\u00f3n\u201d y habilitando o deshabilitando las categor\u00edas de cookies en la ventana emergente seg\u00fan tus preferencias.<\/p>\n<p>Si decides cambiar tus preferencias m\u00e1s tarde durante tu sesi\u00f3n de navegaci\u00f3n, puedes hacer clic en la pesta\u00f1a \u201cGestionar consentimiento\u201d en tu pantalla. Esto mostrar\u00e1 nuevamente el aviso de consentimiento permiti\u00e9ndote cambiar tus preferencias o retirar tu consentimiento completamente.<\/p>\n<p>Adem\u00e1s, diferentes navegadores proporcionan diferentes m\u00e9todos para bloquear y eliminar las cookies utilizadas por los sitios web. Puedes cambiar la configuraci\u00f3n de tu navegador para bloquear\/eliminar las cookies. Para obtener m\u00e1s informaci\u00f3n sobre c\u00f3mo gestionar y eliminar las cookies, visita <a href=\"https:\/\/www.wikipedia.org\" target=\"_blank\" rel=\"noopener\">wikipedia.org<\/a>, <a href=\"https:\/\/www.allaboutcookies.org\" target=\"_blank\" rel=\"noopener\"> allaboutcookies.org<\/a>.<\/p>\n<\/div>\n<\/div>\n<p>[\/et_pb_text][\/et_pb_column][\/et_pb_row][\/et_pb_section]<\/p>\n","protected":false},"excerpt":{"rendered":"<p>Sobre esta pol\u00edtica de cookies Esta pol\u00edtica de cookies explica que son las cookies y como las utilizamos. Deber\u00edas de leer esta pol\u00edtica para entender que son las cookies, como las utilizamos, los tipos de cookies que utilizamos, es decir, la informaci\u00f3n que recogemos utilizando cookies y c\u00f3mo se utiliza esta informaci\u00f3n y c\u00f3mo controlar [&hellip;]<\/p>\n","protected":false},"author":1,"featured_media":0,"parent":0,"menu_order":0,"comment_status":"closed","ping_status":"closed","template":"","meta":{"_et_pb_use_builder":"on","_et_pb_old_content":"","_et_gb_content_width":"","footnotes":""},"dipi_cpt_category":[],"class_list":["post-607","page","type-page","status-publish","hentry"],"_links":{"self":[{"href":"https:\/\/rufus.cat\/es\/wp-json\/wp\/v2\/pages\/607","targetHints":{"allow":["GET"]}}],"collection":[{"href":"https:\/\/rufus.cat\/es\/wp-json\/wp\/v2\/pages"}],"about":[{"href":"https:\/\/rufus.cat\/es\/wp-json\/wp\/v2\/types\/page"}],"author":[{"embeddable":true,"href":"https:\/\/rufus.cat\/es\/wp-json\/wp\/v2\/users\/1"}],"replies":[{"embeddable":true,"href":"https:\/\/rufus.cat\/es\/wp-json\/wp\/v2\/comments?post=607"}],"version-history":[{"count":2,"href":"https:\/\/rufus.cat\/es\/wp-json\/wp\/v2\/pages\/607\/revisions"}],"predecessor-version":[{"id":613,"href":"https:\/\/rufus.cat\/es\/wp-json\/wp\/v2\/pages\/607\/revisions\/613"}],"wp:attachment":[{"href":"https:\/\/rufus.cat\/es\/wp-json\/wp\/v2\/media?parent=607"}],"wp:term":[{"taxonomy":"dipi_cpt_category","embeddable":true,"href":"https:\/\/rufus.cat\/es\/wp-json\/wp\/v2\/dipi_cpt_category?post=607"}],"curies":[{"name":"wp","href":"https:\/\/api.w.org\/{rel}","templated":true}]}}