{"id":633,"date":"2023-11-09T12:58:27","date_gmt":"2023-11-09T12:58:27","guid":{"rendered":"https:\/\/rufus.cat\/accesibilidad\/"},"modified":"2024-06-26T11:22:39","modified_gmt":"2024-06-26T11:22:39","slug":"accesibilidad","status":"publish","type":"page","link":"https:\/\/rufus.cat\/es\/accesibilidad\/","title":{"rendered":"Accesibilidad"},"content":{"rendered":"<p>[et_pb_section fb_built=\u00bb1&#8243; _builder_version=\u00bb4.23&#8243; _module_preset=\u00bbdefault\u00bb global_colors_info=\u00bb{}\u00bb][et_pb_row _builder_version=\u00bb4.23&#8243; _module_preset=\u00bbdefault\u00bb global_colors_info=\u00bb{}\u00bb][et_pb_column type=\u00bb4_4&#8243; _builder_version=\u00bb4.23&#8243; _module_preset=\u00bbdefault\u00bb global_colors_info=\u00bb{}\u00bb][et_pb_text _builder_version=\u00bb4.25.2&#8243; _module_preset=\u00bbdefault\u00bb hover_enabled=\u00bb0&#8243; global_colors_info=\u00bb{}\u00bb link_font=\u00bb|700|||on||||\u00bb sticky_enabled=\u00bb0&#8243;]<\/p>\n<h1>Accesibilidad<\/h1>\n<p>Ra\u00fcl Gonz\u00e1lez Correyero se compromete a que su sitio web, <a href=\"https:\/\/rufus.cat\/es\/\">rufus.cat<\/a>, sea accesible para todos los usuarios, incluyendo a personas con discapacidades. Estamos comprometidos a garantizar que nuestro sitio web cumpla con las pautas de accesibilidad web de nivel AA de la WCAG 2.1.<\/p>\n<h2>Situaci\u00f3n de cumplimiento<\/h2>\n<p>Las <a href=\"https:\/\/www.w3.org\/WAI\/standards-guidelines\/wcag\/\" target=\"_blank\" rel=\"noopener\">Pautas de Accesibilidad para el Contenido Web<\/a><span> <\/span>(WCAG) definen los requisitos para dise\u00f1adores y desarrolladores con el fin de mejorar la accesibilidad para personas con discapacidades. Se definen tres niveles de conformidad: Nivel A, Nivel AA y Nivel AAA. Peixateriamediterrania.com cumple parcialmente con WCAG 2.1 Nivel AA. Parcialmente significa que algunas partes del contenido no cumplen completamente con el est\u00e1ndar de accesibilidad.<\/p>\n<h2>Contenido no accesible<\/h2>\n<p>Podr\u00edan existir documentos ofim\u00e1ticos en PDF y otros formatos que no cumplan \u00edntegramente los requisitos de accesibilidad. Se pueden solicitar los documentos completamente accesibles desde el formulario de contacto.<\/p>\n<p>Podr\u00edan existir errores de c\u00f3digo puntuales de edici\u00f3n en alguna p\u00e1gina web.<\/p>\n<h2>Feedback<\/h2>\n<p>Estamos comprometidos a continuar mejorando la accesibilidad de nuestro sitio web para garantizar que sea accesible para todos. Si tienes alguna pregunta o sugerencia, por favor contacta con nosotros.<\/p>\n<p><strong>Firma:<\/strong><span> Ra\u00fcl Gonz\u00e1lez Correyero<\/span><br \/><strong>Fecha:<\/strong><span> <\/span>9 de noviembre de 2023<\/p>\n<p>[\/et_pb_text][\/et_pb_column][\/et_pb_row][\/et_pb_section]<\/p>\n","protected":false},"excerpt":{"rendered":"<p>Accesibilidad Ra\u00fcl Gonz\u00e1lez Correyero se compromete a que su sitio web, rufus.cat, sea accesible para todos los usuarios, incluyendo a personas con discapacidades. Estamos comprometidos a garantizar que nuestro sitio web cumpla con las pautas de accesibilidad web de nivel AA de la WCAG 2.1. Situaci\u00f3n de cumplimiento Las Pautas de Accesibilidad para el Contenido [&hellip;]<\/p>\n","protected":false},"author":1,"featured_media":0,"parent":0,"menu_order":0,"comment_status":"closed","ping_status":"closed","template":"","meta":{"_et_pb_use_builder":"on","_et_pb_old_content":"","_et_gb_content_width":"","footnotes":""},"dipi_cpt_category":[],"class_list":["post-633","page","type-page","status-publish","hentry"],"_links":{"self":[{"href":"https:\/\/rufus.cat\/es\/wp-json\/wp\/v2\/pages\/633","targetHints":{"allow":["GET"]}}],"collection":[{"href":"https:\/\/rufus.cat\/es\/wp-json\/wp\/v2\/pages"}],"about":[{"href":"https:\/\/rufus.cat\/es\/wp-json\/wp\/v2\/types\/page"}],"author":[{"embeddable":true,"href":"https:\/\/rufus.cat\/es\/wp-json\/wp\/v2\/users\/1"}],"replies":[{"embeddable":true,"href":"https:\/\/rufus.cat\/es\/wp-json\/wp\/v2\/comments?post=633"}],"version-history":[{"count":2,"href":"https:\/\/rufus.cat\/es\/wp-json\/wp\/v2\/pages\/633\/revisions"}],"predecessor-version":[{"id":635,"href":"https:\/\/rufus.cat\/es\/wp-json\/wp\/v2\/pages\/633\/revisions\/635"}],"wp:attachment":[{"href":"https:\/\/rufus.cat\/es\/wp-json\/wp\/v2\/media?parent=633"}],"wp:term":[{"taxonomy":"dipi_cpt_category","embeddable":true,"href":"https:\/\/rufus.cat\/es\/wp-json\/wp\/v2\/dipi_cpt_category?post=633"}],"curies":[{"name":"wp","href":"https:\/\/api.w.org\/{rel}","templated":true}]}}